{"id":213,"date":"2025-10-05T05:10:44","date_gmt":"2025-10-05T05:10:44","guid":{"rendered":"https:\/\/imanconsulting.fi\/?page_id=213"},"modified":"2025-10-05T08:15:47","modified_gmt":"2025-10-05T08:15:47","slug":"business-design-tyopaja","status":"publish","type":"page","link":"https:\/\/imanconsulting.fi\/?page_id=213","title":{"rendered":"Business Design &#8211; Ty\u00f6paja"},"content":{"rendered":"\n<h2 class=\"wp-block-heading\">Business Desing &#8211; Ty\u00f6paja<\/h2>\n\n\n\n<p>Osallistava ty\u00f6paja sopii hyvin starttipaketin j\u00e4lkeiseksi laajennukseksi. Ty\u00f6pajan tavoitteena on osallistaa organisaatiota laajemmin osaksi mallinnusprosessia. N\u00e4in varmistetaan psykologisen omistajuuden tunnetta omaan ty\u00f6teht\u00e4v\u00e4\u00e4n ja vastuualueeseen. <\/p>\n\n\n\n<hr class=\"wp-block-separator has-alpha-channel-opacity\"\/>\n\n\n\n<h3 class=\"wp-block-heading\">Toimintamalli<\/h3>\n\n\n\n<p>Ty\u00f6pajat toteutetaan osallistavan palvelumuotoilun periaatteiden mukaisesti.<\/p>\n\n\n\n<ul class=\"wp-block-list\">\n<li><strong>Ihmisl\u00e4ht\u00f6isyys<\/strong> \u2013 asiakkaiden ja henkil\u00f6st\u00f6n tarpeet, motivaatio ja arjen konteksti keski\u00f6ss\u00e4.<\/li>\n\n\n\n<li><strong>Yhteiskehitt\u00e4minen<\/strong> \u2013 tasapuolinen osallistuminen ja kuulluksi tuleminen kaikille.<\/li>\n\n\n\n<li><strong>Psykologinen turvallisuus<\/strong> \u2013 selke\u00e4t pelis\u00e4\u00e4nn\u00f6t, arvostava kuuntelu, rakentava palaute.<\/li>\n\n\n\n<li><strong>Konkretisointi<\/strong> \u2013 ideat muutetaan nopeasti testattaviksi visuaaleiksi.<\/li>\n<\/ul>\n\n\n\n<hr class=\"wp-block-separator has-alpha-channel-opacity\"\/>\n\n\n\n<h3 class=\"wp-block-heading\">Prosessi<\/h3>\n\n\n\n<h4 class=\"wp-block-heading\">1) Tavoitteen asettelu ja ty\u00f6pajan suunnittelu<\/h4>\n\n\n\n<p>Suunnitellaan ty\u00f6paja yhdess\u00e4 asiakkaan yhteyshenkil\u00f6n kanssa. M\u00e4\u00e4ritet\u00e4\u00e4n ty\u00f6pajassa syntyv\u00e4n mallinnuksen tavoitteet, osallistujat ja heid\u00e4n roolinsa sek\u00e4 k\u00e4yt\u00e4nn\u00f6n aikataulu.<\/p>\n\n\n\n<h4 class=\"wp-block-heading\">2) Kutsu ty\u00f6pajaan osallistujille<\/h4>\n\n\n\n<p>BizSim-asiantuntija toimittaa kutsupohjan yhteyshenkil\u00f6lle. Yhteyshenkil\u00f6 v\u00e4litt\u00e4\u00e4 kutsun osallistujille \u2013 n\u00e4in varmistetaan ty\u00f6pajan tarkoituksenmukainen kehyst\u00e4minen etuk\u00e4teen.<\/p>\n\n\n\n<h4 class=\"wp-block-heading\">3) Mallinnusty\u00f6paja<\/h4>\n\n\n\n<p>Ty\u00f6paja toteutetaan osallistavan palvelumuotoilun periaatteilla. Ty\u00f6st\u00f6 tehd\u00e4\u00e4n osa-alue kerrallaan (tarvittaessa ryhmiss\u00e4). Asiantuntija fasilitoi ja kokoaa tuotokset yhteiseen visualisaatioon ty\u00f6n edetess\u00e4.<\/p>\n\n\n\n<h4 class=\"wp-block-heading\">4) Tulosten tarkastelu yhteyshenkil\u00f6n kanssa<\/h4>\n\n\n\n<p>Ty\u00f6pajan j\u00e4lkeen asiantuntija viimeistelee ja hioo tulokset. Katselmoidaan yhdess\u00e4 yhteyshenkil\u00f6n kanssa ja varmennetaan sis\u00e4ll\u00f6t.<\/p>\n\n\n\n<h4 class=\"wp-block-heading\">5) Viimeistelty malli valmiina jakoon<\/h4>\n\n\n\n<p>Toimitetaan julkaisu-\/jakelukelpoinen malli sek\u00e4 saatteeksi ajatuksia hy\u00f6dynt\u00e4misest\u00e4 ja ehdotuksia jatkoty\u00f6st\u00f6\u00f6n (yhteisty\u00f6ss\u00e4 tai asiakkaan itse toteuttamana).<\/p>\n\n\n\n<hr class=\"wp-block-separator has-alpha-channel-opacity\"\/>\n\n\n\n<h3 class=\"wp-block-heading\">Edellytykset asiakkaalta<\/h3>\n\n\n\n<ul class=\"wp-block-list\">\n<li>Yhteyshenkil\u00f6, joka osallistuu ty\u00f6pajan suunnitteluun, vastaa asiakkaan luona k\u00e4ytett\u00e4vien tilojen fasilitoinnista sek\u00e4 v\u00e4litt\u00e4\u00e4 kutsut ty\u00f6pajaan osallistujille.<\/li>\n<\/ul>\n\n\n\n<hr class=\"wp-block-separator has-alpha-channel-opacity\"\/>\n\n\n\n<h3 class=\"wp-block-heading\">Hinnoittelu<\/h3>\n\n\n\n<p>Osallistava ty\u00f6pajan toteutuksesta annetaan tarjous riippuen sen sis\u00e4ll\u00f6st\u00e4. Tyypillinen kustannus osallistavalle ty\u00f6pajalle on noin 1990\u20ac + matkakulut.<\/p>\n\n\n\n<p><\/p>\n","protected":false},"excerpt":{"rendered":"<p>Business Desing &#8211; Ty\u00f6paja Osallistava ty\u00f6paja sopii hyvin starttipaketin j\u00e4lkeiseksi laajennukseksi. Ty\u00f6pajan tavoitteena on osallistaa organisaatiota laajemmin osaksi mallinnusprosessia. N\u00e4in varmistetaan psykologisen omistajuuden tunnetta omaan ty\u00f6teht\u00e4v\u00e4\u00e4n ja vastuualueeseen. Toimintamalli Ty\u00f6pajat toteutetaan osallistavan palvelumuotoilun periaatteiden mukaisesti. Prosessi 1) Tavoitteen asettelu ja ty\u00f6pajan suunnittelu Suunnitellaan ty\u00f6paja yhdess\u00e4 asiakkaan yhteyshenkil\u00f6n kanssa. M\u00e4\u00e4ritet\u00e4\u00e4n ty\u00f6pajassa syntyv\u00e4n mallinnuksen tavoitteet, osallistujat ja [&hellip;]<\/p>\n","protected":false},"author":1,"featured_media":0,"parent":0,"menu_order":0,"comment_status":"closed","ping_status":"closed","template":"","meta":{"footnotes":""},"class_list":["post-213","page","type-page","status-publish","hentry"],"blocksy_meta":[],"_links":{"self":[{"href":"https:\/\/imanconsulting.fi\/index.php?rest_route=\/wp\/v2\/pages\/213","targetHints":{"allow":["GET"]}}],"collection":[{"href":"https:\/\/imanconsulting.fi\/index.php?rest_route=\/wp\/v2\/pages"}],"about":[{"href":"https:\/\/imanconsulting.fi\/index.php?rest_route=\/wp\/v2\/types\/page"}],"author":[{"embeddable":true,"href":"https:\/\/imanconsulting.fi\/index.php?rest_route=\/wp\/v2\/users\/1"}],"replies":[{"embeddable":true,"href":"https:\/\/imanconsulting.fi\/index.php?rest_route=%2Fwp%2Fv2%2Fcomments&post=213"}],"version-history":[{"count":9,"href":"https:\/\/imanconsulting.fi\/index.php?rest_route=\/wp\/v2\/pages\/213\/revisions"}],"predecessor-version":[{"id":282,"href":"https:\/\/imanconsulting.fi\/index.php?rest_route=\/wp\/v2\/pages\/213\/revisions\/282"}],"wp:attachment":[{"href":"https:\/\/imanconsulting.fi\/index.php?rest_route=%2Fwp%2Fv2%2Fmedia&parent=213"}],"curies":[{"name":"wp","href":"https:\/\/api.w.org\/{rel}","templated":true}]}}