{"id":21,"date":"2025-10-03T19:57:31","date_gmt":"2025-10-03T19:57:31","guid":{"rendered":"https:\/\/imanconsulting.fi\/?page_id=21"},"modified":"2025-10-04T14:51:18","modified_gmt":"2025-10-04T14:51:18","slug":"advisor-on-call","status":"publish","type":"page","link":"https:\/\/imanconsulting.fi\/?page_id=21","title":{"rendered":"Asiantuntija rinnallesi"},"content":{"rendered":"\n<h1 class=\"wp-block-heading has-black-color has-text-color has-link-color wp-elements-1512ffd5c76485194cd725274e1387f6\" style=\"margin-bottom:20px;font-size:clamp(37.821px, 2.364rem + ((1vw - 3.2px) * 2.514), 70px);font-style:normal;font-weight:800;line-height:1.2\">Kaipaatko apua?<\/h1>\n\n\n\n<p class=\"has-black-color has-text-color has-link-color has-medium-font-size wp-elements-df158c113ab89ac6489666b62687c6af\" style=\"border-bottom-color:#0000001f;border-bottom-style:solid;border-bottom-width:1px;margin-bottom:40px;padding-bottom:40px\">Jos tarvitset apua liiketoiminnan kehitt\u00e4misess\u00e4, j\u00e4rjestelmien kilpailuttamisessa, valinnassa ja k\u00e4ytt\u00f6\u00f6notossa, innovaation eteenp\u00e4in viemisess\u00e4. Tai oikeastaan <strong>miss\u00e4 tahansa jossa voin sinua auttaa, palvelen sinua mielell\u00e4ni.<\/strong> <br><br>Soittele tai viestittele, niin jutellaan, pohditaan miten voisin auttaa ja mik\u00e4 voisi olla sopiva korvaus.<br><\/p>\n\n\n\n<p><\/p>\n","protected":false},"excerpt":{"rendered":"<p>Kaipaatko apua? Jos tarvitset apua liiketoiminnan kehitt\u00e4misess\u00e4, j\u00e4rjestelmien kilpailuttamisessa, valinnassa ja k\u00e4ytt\u00f6\u00f6notossa, innovaation eteenp\u00e4in viemisess\u00e4. Tai oikeastaan miss\u00e4 tahansa jossa voin sinua auttaa, palvelen sinua mielell\u00e4ni. Soittele tai viestittele, niin jutellaan, pohditaan miten voisin auttaa ja mik\u00e4 voisi olla sopiva korvaus.<\/p>\n","protected":false},"author":1,"featured_media":0,"parent":0,"menu_order":0,"comment_status":"closed","ping_status":"closed","template":"","meta":{"footnotes":""},"class_list":["post-21","page","type-page","status-publish","hentry"],"blocksy_meta":[],"_links":{"self":[{"href":"https:\/\/imanconsulting.fi\/index.php?rest_route=\/wp\/v2\/pages\/21","targetHints":{"allow":["GET"]}}],"collection":[{"href":"https:\/\/imanconsulting.fi\/index.php?rest_route=\/wp\/v2\/pages"}],"about":[{"href":"https:\/\/imanconsulting.fi\/index.php?rest_route=\/wp\/v2\/types\/page"}],"author":[{"embeddable":true,"href":"https:\/\/imanconsulting.fi\/index.php?rest_route=\/wp\/v2\/users\/1"}],"replies":[{"embeddable":true,"href":"https:\/\/imanconsulting.fi\/index.php?rest_route=%2Fwp%2Fv2%2Fcomments&post=21"}],"version-history":[{"count":7,"href":"https:\/\/imanconsulting.fi\/index.php?rest_route=\/wp\/v2\/pages\/21\/revisions"}],"predecessor-version":[{"id":193,"href":"https:\/\/imanconsulting.fi\/index.php?rest_route=\/wp\/v2\/pages\/21\/revisions\/193"}],"wp:attachment":[{"href":"https:\/\/imanconsulting.fi\/index.php?rest_route=%2Fwp%2Fv2%2Fmedia&parent=21"}],"curies":[{"name":"wp","href":"https:\/\/api.w.org\/{rel}","templated":true}]}}