{"id":2,"date":"2025-10-03T14:41:48","date_gmt":"2025-10-03T14:41:48","guid":{"rendered":"https:\/\/imanconsulting.fi\/?page_id=2"},"modified":"2025-11-01T13:36:36","modified_gmt":"2025-11-01T13:36:36","slug":"sample-page","status":"publish","type":"page","link":"https:\/\/imanconsulting.fi\/?page_id=2","title":{"rendered":"AI &#8211; Proof of Consept"},"content":{"rendered":"\n<div class=\"wp-block-group alignfull has-background is-layout-constrained wp-block-group-is-layout-constrained\" style=\"background-color:#101010;padding-top:7rem;padding-bottom:7rem\">\n<div class=\"wp-block-columns are-vertically-aligned-center is-layout-flex wp-container-core-columns-is-layout-94d34361 wp-block-columns-is-layout-flex\" style=\"border-bottom-color:#ffffff1a;border-bottom-style:solid;border-bottom-width:1px;margin-bottom:3.7rem;padding-bottom:4rem\">\n<div class=\"wp-block-column is-vertically-aligned-center is-layout-flow wp-block-column-is-layout-flow\" style=\"flex-basis:55%\">\n<p class=\"has-white-color has-text-color has-link-color wp-elements-bf6e22bfa073cdf311c3976ffda71150\" style=\"margin-bottom:15px;font-style:normal;font-weight:500\">I am going to N<\/p>\n\n\n\n<h1 class=\"wp-block-heading has-white-color has-text-color has-link-color has-xx-large-font-size wp-elements-36c65eecb61d24aed5ec4be0e1f775aa\" id=\"the-perfect-theme-for-stunning-websites\" style=\"margin-top:0;margin-bottom:20px;font-style:normal;font-weight:800;line-height:1.2\">AI &#8211; Proof of Consept!<\/h1>\n\n\n\n<p class=\"has-white-color has-text-color has-link-color has-medium-font-size wp-elements-8fada892c0b5c30a06fe21520599276e\" style=\"margin-bottom:50px\">Kyteek\u00f6 mieless\u00e4si idea tai halu p\u00e4\u00e4st\u00e4 testaamaan teko\u00e4lyn hy\u00f6dynt\u00e4mist\u00e4 omassa liiketoiminnassasi, mutta et tied\u00e4 mist\u00e4 l\u00e4hte\u00e4 liikkeelle?<br><br>Ei h\u00e4t\u00e4\u00e4!<br><br>Kirkastetaan ideasi ja muutetaan se innovaatioksi nopealla pilotoinnilla.<\/p>\n<\/div>\n\n\n\n<div class=\"wp-block-column is-vertically-aligned-center is-layout-flow wp-block-column-is-layout-flow\">\n<div style=\"max-width:1000px;margin:0 auto\">\n  <iframe src=\"https:\/\/bizsim.fi\/imanbotti\/\" style=\"width:100%;height:700px;border:0;border-radius:18px;overflow:hidden;background:#000\"><\/iframe>\n<\/div>\n<\/div>\n<\/div>\n<\/div>\n\n\n\n<div class=\"wp-block-group alignfull has-white-background-color has-background is-layout-constrained wp-block-group-is-layout-constrained\" style=\"padding-top:7rem;padding-bottom:7rem\">\n<div class=\"wp-block-columns are-vertically-aligned-top is-layout-flex wp-container-core-columns-is-layout-057bf1b1 wp-block-columns-is-layout-flex\">\n<div class=\"wp-block-column is-vertically-aligned-top is-layout-flow wp-block-column-is-layout-flow\" style=\"flex-basis:30%\">\n<h1 class=\"wp-block-heading has-black-color has-text-color has-link-color wp-elements-91f0f8adc0f88fad8e9e89f0ebd662d4\" style=\"margin-bottom:20px;font-size:clamp(24.034px, 1.502rem + ((1vw - 3.2px) * 1.247), 40px);font-style:normal;font-weight:800;line-height:1.2\">Maksuton kartoitus<\/h1>\n\n\n\n<p class=\"has-black-color has-text-color has-link-color has-medium-font-size wp-elements-3b07eec3c8a832e2cabadc63d4c7a43d\" style=\"margin-bottom:30px\">Haluatko keskustella idean testauksesta ja pilotoinnista?<\/p>\n\n\n\n<div class=\"wp-block-columns is-layout-flex wp-container-core-columns-is-layout-28f84493 wp-block-columns-is-layout-flex\">\n<div class=\"wp-block-column is-layout-flow wp-block-column-is-layout-flow\" style=\"flex-basis:8%\">\n<figure class=\"wp-block-image size-full\"><img loading=\"lazy\" decoding=\"async\" width=\"148\" height=\"148\" src=\"https:\/\/imanconsulting.fi\/wp-content\/uploads\/2025\/10\/whatsup.png\" alt=\"\" class=\"wp-image-207\"\/><\/figure>\n<\/div>\n\n\n\n<div class=\"wp-block-column is-layout-flow wp-block-column-is-layout-flow\" style=\"flex-basis:66.66%\">\n<p><strong>044 2625 867 &#8211; Ville Lehtinen<\/strong><\/p>\n<\/div>\n<\/div>\n\n\n\n<p>Soittele tai laita whatsup-viesti\u00e4 tulemaan!<\/p>\n<\/div>\n\n\n\n<div class=\"wp-block-column is-vertically-aligned-top is-layout-flow wp-block-column-is-layout-flow\">\n<div class=\"wp-block-columns has-black-background-color has-background is-layout-flex wp-container-core-columns-is-layout-a816d1b2 wp-block-columns-is-layout-flex\" style=\"border-radius:20px;margin-bottom:30px;padding-top:30px;padding-right:30px;padding-bottom:30px;padding-left:30px\">\n<div class=\"wp-block-column is-vertically-aligned-center is-layout-flow wp-block-column-is-layout-flow\" style=\"flex-basis:25%\">\n<h2 class=\"wp-block-heading has-text-align-center has-white-color has-text-color has-link-color wp-elements-77acb58cd0b0d172181b43b93e865058\" style=\"margin-bottom:10px;font-size:clamp(14px, 0.875rem + ((1vw - 3.2px) * 0.313), 18px);\">1. Idean testaus<\/h2>\n\n\n\n<p class=\"has-text-align-center has-white-color has-text-color has-link-color wp-elements-3f980a084188d1e0f08bd7d7742e1cd9\" style=\"margin-top:0px;margin-bottom:0px;font-size:clamp(24.034px, 1.502rem + ((1vw - 3.2px) * 1.247), 40px);font-style:normal;font-weight:900;line-height:1\">2590-4590\u20ac<\/p>\n<\/div>\n\n\n\n<div class=\"wp-block-column is-layout-flow wp-block-column-is-layout-flow\">\n<div class=\"wp-block-group is-nowrap is-layout-flex wp-container-core-group-is-layout-ca52a2b2 wp-block-group-is-layout-flex\" style=\"margin-bottom:10px\">\n<figure class=\"wp-block-image size-full is-resized wp-duotone-ffffff-ffffff-1\"><img decoding=\"async\" src=\"https:\/\/imanconsulting.fi\/wp-content\/themes\/blocksy\/inc\/components\/patterns\/assets\/pattern-check-mark.svg\" alt=\"\" class=\"wp-image-7800\" style=\"object-fit:contain;width:22px;height:22px\"\/><\/figure>\n\n\n\n<p class=\"has-white-color has-text-color has-link-color wp-elements-2b8ca5a866e0162368e8aa5f76229911\" style=\"font-size:clamp(14px, 0.875rem + ((1vw - 3.2px) * 0.156), 16px);font-style:normal;font-weight:500\">Idean kirkastaminen<\/p>\n<\/div>\n\n\n\n<div class=\"wp-block-group is-nowrap is-layout-flex wp-container-core-group-is-layout-ca52a2b2 wp-block-group-is-layout-flex\" style=\"margin-bottom:10px\">\n<figure class=\"wp-block-image size-full is-resized wp-duotone-ffffff-ffffff-2\"><img decoding=\"async\" src=\"https:\/\/imanconsulting.fi\/wp-content\/themes\/blocksy\/inc\/components\/patterns\/assets\/pattern-check-mark.svg\" alt=\"\" class=\"wp-image-7800\" style=\"object-fit:contain;width:22px;height:22px\"\/><\/figure>\n\n\n\n<p class=\"has-white-color has-text-color has-link-color wp-elements-a37eec0ddc807011bf4be266c0dfbdbc\" style=\"font-size:clamp(14px, 0.875rem + ((1vw - 3.2px) * 0.156), 16px);font-style:normal;font-weight:500\">Toteutus<\/p>\n<\/div>\n\n\n\n<div class=\"wp-block-group is-nowrap is-layout-flex wp-container-core-group-is-layout-baabe226 wp-block-group-is-layout-flex\">\n<figure class=\"wp-block-image size-full is-resized wp-duotone-ffffff-ffffff-3\"><img decoding=\"async\" src=\"https:\/\/imanconsulting.fi\/wp-content\/themes\/blocksy\/inc\/components\/patterns\/assets\/pattern-check-mark.svg\" alt=\"\" class=\"wp-image-7800\" style=\"object-fit:contain;width:22px;height:22px\"\/><\/figure>\n\n\n\n<p class=\"has-white-color has-text-color has-link-color wp-elements-463b89e39a4191676c4d5f1de5f6039b\" style=\"font-size:clamp(14px, 0.875rem + ((1vw - 3.2px) * 0.156), 16px);font-style:normal;font-weight:500\">Valmis ratkaisu testattavaksi<\/p>\n<\/div>\n<\/div>\n\n\n\n<div class=\"wp-block-column is-vertically-aligned-center is-layout-flow wp-block-column-is-layout-flow\" style=\"flex-basis:20%\">\n<div class=\"wp-block-buttons is-content-justification-center is-layout-flex wp-container-core-buttons-is-layout-30837641 wp-block-buttons-is-layout-flex\" style=\"margin-bottom:var(--wp--preset--spacing--40)\">\n<div class=\"wp-block-button has-custom-width wp-block-button__width-100\"><a class=\"wp-block-button__link has-black-color has-white-background-color has-text-color has-background has-link-color has-custom-font-size wp-element-button\" href=\"https:\/\/imanconsulting.fi\/?page_id=215\" style=\"border-radius:8px;padding-top:13px;padding-right:25px;padding-bottom:13px;padding-left:25px;font-size:clamp(14px, 0.875rem + ((1vw - 3.2px) * 0.156), 16px);font-style:normal;font-weight:500\">Lue lis\u00e4\u00e4<\/a><\/div>\n<\/div>\n\n\n\n<p class=\"has-text-align-center has-text-color has-link-color wp-elements-f11256f79634e563d5a829b6dfa77749\" style=\"color:#ffffffa1;font-size:clamp(14px, 0.875rem + ((1vw - 3.2px) * 0.078), 15px);font-style:normal;font-weight:500\">100% tyytyv\u00e4isyystakuu<\/p>\n<\/div>\n<\/div>\n\n\n\n<div class=\"wp-block-columns has-border-color is-layout-flex wp-container-core-columns-is-layout-1b6f8c42 wp-block-columns-is-layout-flex\" style=\"border-color:#0000001f;border-style:solid;border-width:2px;border-radius:20px;padding-top:30px;padding-right:30px;padding-bottom:30px;padding-left:30px\">\n<div class=\"wp-block-column is-vertically-aligned-center is-layout-flow wp-block-column-is-layout-flow\" style=\"flex-basis:25%\">\n<h2 class=\"wp-block-heading has-text-align-center has-black-color has-text-color has-link-color wp-elements-3e82296b82d7f7726232f734149b3d22\" style=\"margin-bottom:10px;font-size:clamp(14px, 0.875rem + ((1vw - 3.2px) * 0.313), 18px);\">2. Mitattava pilotti<\/h2>\n\n\n\n<p class=\"has-text-align-center has-black-color has-text-color has-link-color wp-elements-907ca414693cd38e215e1f7af51c4cc3\" style=\"margin-top:0px;margin-bottom:0px;font-size:clamp(24.034px, 1.502rem + ((1vw - 3.2px) * 1.247), 40px);font-style:normal;font-weight:900;line-height:1\">2590-4590\u20ac<\/p>\n<\/div>\n\n\n\n<div class=\"wp-block-column is-layout-flow wp-block-column-is-layout-flow\">\n<div class=\"wp-block-group is-nowrap is-layout-flex wp-container-core-group-is-layout-ca52a2b2 wp-block-group-is-layout-flex\" style=\"margin-bottom:10px\">\n<figure class=\"wp-block-image size-full is-resized\"><img decoding=\"async\" src=\"https:\/\/imanconsulting.fi\/wp-content\/themes\/blocksy\/inc\/components\/patterns\/assets\/pattern-check-mark.svg\" alt=\"\" class=\"wp-image-7800\" style=\"object-fit:contain;width:22px;height:22px\"\/><\/figure>\n\n\n\n<p class=\"has-black-color has-text-color has-link-color wp-elements-6fc429d1e5cc69db0e19581f11c3a51a\" style=\"font-size:clamp(14px, 0.875rem + ((1vw - 3.2px) * 0.156), 16px);font-style:normal;font-weight:500\">Mittareiden m\u00e4\u00e4rittely<\/p>\n<\/div>\n\n\n\n<div class=\"wp-block-group is-nowrap is-layout-flex wp-container-core-group-is-layout-ca52a2b2 wp-block-group-is-layout-flex\" style=\"margin-bottom:10px\">\n<figure class=\"wp-block-image size-full is-resized\"><img decoding=\"async\" src=\"https:\/\/imanconsulting.fi\/wp-content\/themes\/blocksy\/inc\/components\/patterns\/assets\/pattern-check-mark.svg\" alt=\"\" class=\"wp-image-7800\" style=\"object-fit:contain;width:22px;height:22px\"\/><\/figure>\n\n\n\n<p class=\"has-black-color has-text-color has-link-color wp-elements-0c28828e0f958b080d6ee6d333e45711\" style=\"font-size:clamp(14px, 0.875rem + ((1vw - 3.2px) * 0.156), 16px);font-style:normal;font-weight:500\">Pilotin toteutus valitulle kohderyhm\u00e4lle<\/p>\n<\/div>\n\n\n\n<div class=\"wp-block-group is-nowrap is-layout-flex wp-container-core-group-is-layout-baabe226 wp-block-group-is-layout-flex\">\n<figure class=\"wp-block-image size-full is-resized\"><img decoding=\"async\" src=\"https:\/\/imanconsulting.fi\/wp-content\/themes\/blocksy\/inc\/components\/patterns\/assets\/pattern-check-mark.svg\" alt=\"\" class=\"wp-image-7800\" style=\"object-fit:contain;width:22px;height:22px\"\/><\/figure>\n\n\n\n<p class=\"has-black-color has-text-color has-link-color wp-elements-282355bbb58bcaf7f002d9cf72a34017\" style=\"font-size:clamp(14px, 0.875rem + ((1vw - 3.2px) * 0.156), 16px);font-style:normal;font-weight:500\">Analyysi tuloksista<\/p>\n<\/div>\n<\/div>\n\n\n\n<div class=\"wp-block-column is-vertically-aligned-center is-layout-flow wp-block-column-is-layout-flow\" style=\"flex-basis:20%\">\n<div class=\"wp-block-buttons is-content-justification-center is-layout-flex wp-container-core-buttons-is-layout-30837641 wp-block-buttons-is-layout-flex\" style=\"margin-bottom:var(--wp--preset--spacing--40)\">\n<div class=\"wp-block-button has-custom-width wp-block-button__width-100\"><a class=\"wp-block-button__link has-black-color has-text-color has-background has-link-color has-custom-font-size wp-element-button\" href=\"https:\/\/imanconsulting.fi\/?page_id=217\" style=\"border-radius:8px;background-color:#0000001f;padding-top:13px;padding-right:25px;padding-bottom:13px;padding-left:25px;font-size:clamp(14px, 0.875rem + ((1vw - 3.2px) * 0.156), 16px);font-style:normal;font-weight:500\">Lue lis\u00e4\u00e4<\/a><\/div>\n<\/div>\n\n\n\n<p class=\"has-text-align-center has-text-color has-link-color wp-elements-989d625123ae109bc8608019b2343e74\" style=\"color:#000000a3;font-size:clamp(14px, 0.875rem + ((1vw - 3.2px) * 0.078), 15px);font-style:normal;font-weight:500\"><\/p>\n<\/div>\n<\/div>\n<\/div>\n<\/div>\n<\/div>\n\n\n\n<p><\/p>\n","protected":false},"excerpt":{"rendered":"<p>I am going to N AI &#8211; Proof of Consept! Kyteek\u00f6 mieless\u00e4si idea tai halu p\u00e4\u00e4st\u00e4 testaamaan teko\u00e4lyn hy\u00f6dynt\u00e4mist\u00e4 omassa liiketoiminnassasi, mutta et tied\u00e4 mist\u00e4 l\u00e4hte\u00e4 liikkeelle? Ei h\u00e4t\u00e4\u00e4! Kirkastetaan ideasi ja muutetaan se innovaatioksi nopealla pilotoinnilla. Maksuton kartoitus Haluatko keskustella idean testauksesta ja pilotoinnista? 044 2625 867 &#8211; Ville Lehtinen Soittele tai laita whatsup-viesti\u00e4 [&hellip;]<\/p>\n","protected":false},"author":1,"featured_media":0,"parent":0,"menu_order":0,"comment_status":"closed","ping_status":"open","template":"","meta":{"footnotes":""},"class_list":["post-2","page","type-page","status-publish","hentry"],"blocksy_meta":{"content_style_source":"inherit","vertical_spacing_source":"inherit","styles_descriptor":{"styles":{"desktop":"","tablet":"","mobile":""},"google_fonts":[],"version":6}},"_links":{"self":[{"href":"https:\/\/imanconsulting.fi\/index.php?rest_route=\/wp\/v2\/pages\/2","targetHints":{"allow":["GET"]}}],"collection":[{"href":"https:\/\/imanconsulting.fi\/index.php?rest_route=\/wp\/v2\/pages"}],"about":[{"href":"https:\/\/imanconsulting.fi\/index.php?rest_route=\/wp\/v2\/types\/page"}],"author":[{"embeddable":true,"href":"https:\/\/imanconsulting.fi\/index.php?rest_route=\/wp\/v2\/users\/1"}],"replies":[{"embeddable":true,"href":"https:\/\/imanconsulting.fi\/index.php?rest_route=%2Fwp%2Fv2%2Fcomments&post=2"}],"version-history":[{"count":25,"href":"https:\/\/imanconsulting.fi\/index.php?rest_route=\/wp\/v2\/pages\/2\/revisions"}],"predecessor-version":[{"id":361,"href":"https:\/\/imanconsulting.fi\/index.php?rest_route=\/wp\/v2\/pages\/2\/revisions\/361"}],"wp:attachment":[{"href":"https:\/\/imanconsulting.fi\/index.php?rest_route=%2Fwp%2Fv2%2Fmedia&parent=2"}],"curies":[{"name":"wp","href":"https:\/\/api.w.org\/{rel}","templated":true}]}}