{"id":15,"date":"2025-10-03T19:53:55","date_gmt":"2025-10-03T19:53:55","guid":{"rendered":"https:\/\/imanconsulting.fi\/?page_id=15"},"modified":"2025-12-10T06:24:53","modified_gmt":"2025-12-10T06:24:53","slug":"businessdesign","status":"publish","type":"page","link":"https:\/\/imanconsulting.fi\/?page_id=15","title":{"rendered":"Business Design"},"content":{"rendered":"\n<div class=\"wp-block-group alignfull has-white-background-color has-background is-layout-constrained wp-block-group-is-layout-constrained\" style=\"padding-top:7rem;padding-bottom:7rem\">\n<div class=\"wp-block-columns are-vertically-aligned-center is-layout-flex wp-container-core-columns-is-layout-66fad18a wp-block-columns-is-layout-flex\">\n<div class=\"wp-block-column is-vertically-aligned-center is-layout-flow wp-block-column-is-layout-flow\" style=\"flex-basis:50%\">\n<h1 class=\"wp-block-heading has-black-color has-text-color has-link-color wp-elements-19414609891a2e77a4b395faf9ff9aa1\" style=\"margin-bottom:20px;font-size:clamp(37.821px, 2.364rem + ((1vw - 3.2px) * 2.514), 70px);font-style:normal;font-weight:800;line-height:1.2\">Liiketoiminnan visualisointi<\/h1>\n\n\n\n<p><strong>ONGELMA<\/strong><\/p>\n\n\n\n<p class=\"has-black-color has-text-color has-link-color has-medium-font-size wp-elements-d77b98ddec97f6b2f36f369ab8162009\" style=\"border-bottom-color:#0000001F;border-bottom-style:solid;border-bottom-width:1px;margin-bottom:40px;padding-bottom:40px\">Yritykset ja organisaatiot kamppailevat monimutkaisten rakenteiden, kehitt\u00e4mishankkeiden ja yhteisty\u00f6n konkretisoinnin kanssa. Usein haaste juontuu yhteisen kielen puutteesta: keskustelua k\u00e4yd\u00e4\u00e4n siiloista, ilman kokonaisn\u00e4kemyst\u00e4.<\/p>\n\n\n\n<p><strong>RATKAISU<\/strong><\/p>\n\n\n\n<p class=\"has-black-color has-text-color has-link-color has-medium-font-size wp-elements-44a2e9e0025e9dcca97316aa20057d75\" style=\"border-bottom-color:#0000001F;border-bottom-style:solid;border-bottom-width:1px;margin-bottom:40px;padding-bottom:40px\">Selke\u00e4 ja nopea visuaalinen mallinnus, joka tekee kokonaisuuden n\u00e4kyv\u00e4ksi ja k\u00e4ynnist\u00e4\u00e4 yhteisen keskustelun. Yhteinen ymm\u00e4rrys johtaa parempiin p\u00e4\u00e4t\u00f6ksiin ja tuloksellisempaan kehitt\u00e4miseen.<\/p>\n\n\n\n<blockquote class=\"wp-block-quote is-layout-flow wp-block-quote-is-layout-flow\">\n<p><em>Business on ja saa olla monimutkaista. Siit\u00e4 tehdyt visualisoinnit ja mallinnukset eiv\u00e4t.<\/em><\/p>\n<\/blockquote>\n<\/div>\n\n\n\n<div class=\"wp-block-column is-vertically-aligned-center is-layout-flow wp-block-column-is-layout-flow\">\n<div class=\"wp-block-columns is-layout-flex wp-container-core-columns-is-layout-2709eace wp-block-columns-is-layout-flex\">\n<div class=\"wp-block-column is-layout-flow wp-block-column-is-layout-flow\">\n<div class=\"wp-block-cover has-custom-content-position is-position-bottom-center\" style=\"border-radius:20px;margin-bottom:30px;padding-top:20px;padding-right:20px;padding-bottom:20px;padding-left:20px;min-height:300px;aspect-ratio:unset;\"><img loading=\"lazy\" decoding=\"async\" width=\"1024\" height=\"631\" class=\"wp-block-cover__image-background wp-image-88 size-large\" alt=\"\" src=\"https:\/\/imanconsulting.fi\/wp-content\/uploads\/2025\/10\/skandinavian-1024x631.jpg\" data-object-fit=\"cover\" srcset=\"https:\/\/imanconsulting.fi\/wp-content\/uploads\/2025\/10\/skandinavian-1024x631.jpg 1024w, https:\/\/imanconsulting.fi\/wp-content\/uploads\/2025\/10\/skandinavian-300x185.jpg 300w, https:\/\/imanconsulting.fi\/wp-content\/uploads\/2025\/10\/skandinavian-768x473.jpg 768w, https:\/\/imanconsulting.fi\/wp-content\/uploads\/2025\/10\/skandinavian.jpg 1095w\" sizes=\"auto, (max-width: 1024px) 100vw, 1024px\" \/><span aria-hidden=\"true\" class=\"wp-block-cover__background has-background-dim-0 has-background-dim\" style=\"background-color:#7d7976\"><\/span><div class=\"wp-block-cover__inner-container is-layout-flow wp-block-cover-is-layout-flow\">\n<div class=\"wp-block-group has-white-background-color has-background is-layout-constrained wp-container-core-group-is-layout-bf816c8d wp-block-group-is-layout-constrained\" style=\"border-radius:10px;padding-top:20px;padding-right:20px;padding-bottom:20px;padding-left:20px\">\n<figure class=\"wp-block-image size-full is-resized has-custom-border\" style=\"margin-bottom:10px\"><img loading=\"lazy\" decoding=\"async\" width=\"412\" height=\"407\" src=\"https:\/\/imanconsulting.fi\/wp-content\/uploads\/2025\/10\/skenaario_skandinavian.png\" alt=\"\" class=\"wp-image-83\" style=\"border-radius:100px;width:79px;height:auto\" srcset=\"https:\/\/imanconsulting.fi\/wp-content\/uploads\/2025\/10\/skenaario_skandinavian.png 412w, https:\/\/imanconsulting.fi\/wp-content\/uploads\/2025\/10\/skenaario_skandinavian-300x296.png 300w\" sizes=\"auto, (max-width: 412px) 100vw, 412px\" \/><\/figure>\n\n\n\n<h2 class=\"wp-block-heading has-black-color has-text-color has-link-color wp-elements-7469f393d4deaf19602f57671ab0a2da\" style=\"margin-top:0;font-size:clamp(14px, 0.875rem + ((1vw - 3.2px) * 0.156), 16px);\"><a href=\"https:\/\/imanconsulting.fi\/?p=329\" data-type=\"post\" data-id=\"329\" target=\"_blank\" rel=\"noreferrer noopener\">Business Desing demo: Huonekaluliike Skandinavian Desing<\/a><\/h2>\n<\/div>\n<\/div><\/div>\n\n\n\n<div class=\"wp-block-cover is-light has-custom-content-position is-position-bottom-center\" style=\"border-radius:20px;padding-top:20px;padding-right:20px;padding-bottom:20px;padding-left:20px;min-height:300px;aspect-ratio:unset;\"><img loading=\"lazy\" decoding=\"async\" width=\"1024\" height=\"470\" class=\"wp-block-cover__image-background wp-image-89 size-large\" alt=\"\" src=\"https:\/\/imanconsulting.fi\/wp-content\/uploads\/2025\/10\/marine-craft-1024x470.jpg\" data-object-fit=\"cover\" srcset=\"https:\/\/imanconsulting.fi\/wp-content\/uploads\/2025\/10\/marine-craft-1024x470.jpg 1024w, https:\/\/imanconsulting.fi\/wp-content\/uploads\/2025\/10\/marine-craft-300x138.jpg 300w, https:\/\/imanconsulting.fi\/wp-content\/uploads\/2025\/10\/marine-craft-768x352.jpg 768w, https:\/\/imanconsulting.fi\/wp-content\/uploads\/2025\/10\/marine-craft.jpg 1269w\" sizes=\"auto, (max-width: 1024px) 100vw, 1024px\" \/><span aria-hidden=\"true\" class=\"wp-block-cover__background has-background-dim-0 has-background-dim\" style=\"background-color:#a09990\"><\/span><div class=\"wp-block-cover__inner-container is-layout-flow wp-block-cover-is-layout-flow\">\n<div class=\"wp-block-group has-white-background-color has-background is-layout-constrained wp-container-core-group-is-layout-bf816c8d wp-block-group-is-layout-constrained\" style=\"border-radius:10px;padding-top:20px;padding-right:20px;padding-bottom:20px;padding-left:20px\">\n<figure class=\"wp-block-image size-full is-resized has-custom-border\" style=\"margin-bottom:10px\"><img loading=\"lazy\" decoding=\"async\" width=\"514\" height=\"509\" src=\"https:\/\/imanconsulting.fi\/wp-content\/uploads\/2025\/10\/skenaario_marinecraft.png\" alt=\"\" class=\"wp-image-84\" style=\"border-radius:100px;width:76px;height:auto\" srcset=\"https:\/\/imanconsulting.fi\/wp-content\/uploads\/2025\/10\/skenaario_marinecraft.png 514w, https:\/\/imanconsulting.fi\/wp-content\/uploads\/2025\/10\/skenaario_marinecraft-300x297.png 300w, https:\/\/imanconsulting.fi\/wp-content\/uploads\/2025\/10\/skenaario_marinecraft-150x150.png 150w\" sizes=\"auto, (max-width: 514px) 100vw, 514px\" \/><\/figure>\n\n\n\n<h2 class=\"wp-block-heading has-black-color has-text-color has-link-color wp-elements-80f81fb6dc09b3adadf424b1202acb02\" style=\"margin-top:0;font-size:clamp(14px, 0.875rem + ((1vw - 3.2px) * 0.156), 16px);\"><a href=\"https:\/\/imanconsulting.fi\/?p=334\" data-type=\"post\" data-id=\"334\"><\/a><a href=\"https:\/\/imanconsulting.fi\/?p=329\" data-type=\"post\" data-id=\"329\" target=\"_blank\" rel=\"noreferrer noopener\">Business Desing demo<\/a>: Veneet projektitilauksena Marine Craft<\/h2>\n<\/div>\n<\/div><\/div>\n<\/div>\n<\/div>\n<\/div>\n<\/div>\n<\/div>\n\n\n\n<hr class=\"wp-block-separator has-alpha-channel-opacity\"\/>\n\n\n\n<div class=\"wp-block-group alignfull has-white-background-color has-background is-layout-constrained wp-block-group-is-layout-constrained\" style=\"padding-top:7rem;padding-bottom:7rem\">\n<div class=\"wp-block-columns are-vertically-aligned-top is-layout-flex wp-container-core-columns-is-layout-057bf1b1 wp-block-columns-is-layout-flex\">\n<div class=\"wp-block-column is-vertically-aligned-top is-layout-flow wp-block-column-is-layout-flow\" style=\"flex-basis:30%\">\n<h1 class=\"wp-block-heading has-black-color has-text-color has-link-color wp-elements-91f0f8adc0f88fad8e9e89f0ebd662d4\" style=\"margin-bottom:20px;font-size:clamp(24.034px, 1.502rem + ((1vw - 3.2px) * 1.247), 40px);font-style:normal;font-weight:800;line-height:1.2\">Maksuton kartoitus<\/h1>\n\n\n\n<p class=\"has-black-color has-text-color has-link-color has-medium-font-size wp-elements-68b8e3108899dce4f0d020ca1161f200\" style=\"margin-bottom:30px\">Haluatko keskustella miten organisaationne voisi hy\u00f6ty\u00e4 mallinnuksesta?<\/p>\n\n\n\n<div class=\"wp-block-columns is-layout-flex wp-container-core-columns-is-layout-28f84493 wp-block-columns-is-layout-flex\">\n<div class=\"wp-block-column is-layout-flow wp-block-column-is-layout-flow\" style=\"flex-basis:8%\">\n<figure class=\"wp-block-image size-full\"><img loading=\"lazy\" decoding=\"async\" width=\"148\" height=\"148\" src=\"https:\/\/imanconsulting.fi\/wp-content\/uploads\/2025\/10\/whatsup.png\" alt=\"\" class=\"wp-image-207\"\/><\/figure>\n<\/div>\n\n\n\n<div class=\"wp-block-column is-layout-flow wp-block-column-is-layout-flow\" style=\"flex-basis:66.66%\">\n<p><strong>044 2625 867 &#8211; Ville Lehtinen<\/strong><\/p>\n<\/div>\n<\/div>\n\n\n\n<p>Soittele tai laita whatsup-viesti\u00e4 tulemaan!<\/p>\n<\/div>\n\n\n\n<div class=\"wp-block-column is-vertically-aligned-top is-layout-flow wp-block-column-is-layout-flow\">\n<div class=\"wp-block-columns has-black-background-color has-background is-layout-flex wp-container-core-columns-is-layout-a816d1b2 wp-block-columns-is-layout-flex\" style=\"border-radius:20px;margin-bottom:30px;padding-top:30px;padding-right:30px;padding-bottom:30px;padding-left:30px\">\n<div class=\"wp-block-column is-vertically-aligned-center is-layout-flow wp-block-column-is-layout-flow\" style=\"flex-basis:25%\">\n<h2 class=\"wp-block-heading has-text-align-center has-white-color has-text-color has-link-color wp-elements-8957ee50558b92be3d0a744f175c1472\" style=\"margin-bottom:10px;font-size:clamp(14px, 0.875rem + ((1vw - 3.2px) * 0.313), 18px);\">Startti<\/h2>\n\n\n\n<p class=\"has-text-align-center has-white-color has-text-color has-link-color wp-elements-2c9497bc93a7b2257968bbc60d987e85\" style=\"margin-top:0px;margin-bottom:0px;font-size:clamp(24.034px, 1.502rem + ((1vw - 3.2px) * 1.247), 40px);font-style:normal;font-weight:900;line-height:1\">1990-2590\u20ac<\/p>\n<\/div>\n\n\n\n<div class=\"wp-block-column is-layout-flow wp-block-column-is-layout-flow\">\n<div class=\"wp-block-group is-nowrap is-layout-flex wp-container-core-group-is-layout-ca52a2b2 wp-block-group-is-layout-flex\" style=\"margin-bottom:10px\">\n<figure class=\"wp-block-image size-full is-resized wp-duotone-ffffff-ffffff-1\"><img decoding=\"async\" src=\"https:\/\/imanconsulting.fi\/wp-content\/themes\/blocksy\/inc\/components\/patterns\/assets\/pattern-check-mark.svg\" alt=\"\" class=\"wp-image-7800\" style=\"object-fit:contain;width:22px;height:22px\"\/><\/figure>\n\n\n\n<p class=\"has-white-color has-text-color has-link-color wp-elements-3d2feb4b151ac6fae31328a06505b95f\" style=\"font-size:clamp(14px, 0.875rem + ((1vw - 3.2px) * 0.156), 16px);font-style:normal;font-weight:500\">Tavoitteen asettelu ja kohteen rajaus<\/p>\n<\/div>\n\n\n\n<div class=\"wp-block-group is-nowrap is-layout-flex wp-container-core-group-is-layout-ca52a2b2 wp-block-group-is-layout-flex\" style=\"margin-bottom:10px\">\n<figure class=\"wp-block-image size-full is-resized wp-duotone-ffffff-ffffff-2\"><img decoding=\"async\" src=\"https:\/\/imanconsulting.fi\/wp-content\/themes\/blocksy\/inc\/components\/patterns\/assets\/pattern-check-mark.svg\" alt=\"\" class=\"wp-image-7800\" style=\"object-fit:contain;width:22px;height:22px\"\/><\/figure>\n\n\n\n<p class=\"has-white-color has-text-color has-link-color wp-elements-2397f7edb27f0f87b7acd29d80dc9ac7\" style=\"font-size:clamp(14px, 0.875rem + ((1vw - 3.2px) * 0.156), 16px);font-style:normal;font-weight:500\">Iteratiivinen mallinnusprosessi<\/p>\n<\/div>\n\n\n\n<div class=\"wp-block-group is-nowrap is-layout-flex wp-container-core-group-is-layout-baabe226 wp-block-group-is-layout-flex\">\n<figure class=\"wp-block-image size-full is-resized wp-duotone-ffffff-ffffff-3\"><img decoding=\"async\" src=\"https:\/\/imanconsulting.fi\/wp-content\/themes\/blocksy\/inc\/components\/patterns\/assets\/pattern-check-mark.svg\" alt=\"\" class=\"wp-image-7800\" style=\"object-fit:contain;width:22px;height:22px\"\/><\/figure>\n\n\n\n<p class=\"has-white-color has-text-color has-link-color wp-elements-449765495339050902fe112c3daef8b7\" style=\"font-size:clamp(14px, 0.875rem + ((1vw - 3.2px) * 0.156), 16px);font-style:normal;font-weight:500\">Valmis visualisaatio hy\u00f6dynnett\u00e4v\u00e4ksi<\/p>\n<\/div>\n<\/div>\n\n\n\n<div class=\"wp-block-column is-vertically-aligned-center is-layout-flow wp-block-column-is-layout-flow\" style=\"flex-basis:20%\">\n<div class=\"wp-block-buttons is-content-justification-center is-layout-flex wp-container-core-buttons-is-layout-30837641 wp-block-buttons-is-layout-flex\" style=\"margin-bottom:var(--wp--preset--spacing--40)\">\n<div class=\"wp-block-button has-custom-width wp-block-button__width-100\"><a class=\"wp-block-button__link has-black-color has-white-background-color has-text-color has-background has-link-color has-custom-font-size wp-element-button\" href=\"https:\/\/imanconsulting.fi\/?page_id=211\" style=\"border-radius:8px;padding-top:13px;padding-right:25px;padding-bottom:13px;padding-left:25px;font-size:clamp(14px, 0.875rem + ((1vw - 3.2px) * 0.156), 16px);font-style:normal;font-weight:500\">Lue lis\u00e4\u00e4<\/a><\/div>\n<\/div>\n\n\n\n<p class=\"has-text-align-center has-text-color has-link-color wp-elements-f11256f79634e563d5a829b6dfa77749\" style=\"color:#ffffffa1;font-size:clamp(14px, 0.875rem + ((1vw - 3.2px) * 0.078), 15px);font-style:normal;font-weight:500\">100% tyytyv\u00e4isyystakuu<\/p>\n<\/div>\n<\/div>\n\n\n\n<div class=\"wp-block-columns has-border-color is-layout-flex wp-container-core-columns-is-layout-1b6f8c42 wp-block-columns-is-layout-flex\" style=\"border-color:#0000001f;border-style:solid;border-width:2px;border-radius:20px;padding-top:30px;padding-right:30px;padding-bottom:30px;padding-left:30px\">\n<div class=\"wp-block-column is-vertically-aligned-center is-layout-flow wp-block-column-is-layout-flow\" style=\"flex-basis:25%\">\n<h2 class=\"wp-block-heading has-text-align-center has-black-color has-text-color has-link-color wp-elements-ac31853029671024adc0a76bb5b0a80a\" style=\"margin-bottom:10px;font-size:clamp(14px, 0.875rem + ((1vw - 3.2px) * 0.313), 18px);\">Osallistava ty\u00f6paja<\/h2>\n\n\n\n<p class=\"has-text-align-center has-black-color has-text-color has-link-color wp-elements-255180ee250b5a5fd3cbc6c8355d0e99\" style=\"margin-top:0px;margin-bottom:0px;font-size:clamp(24.034px, 1.502rem + ((1vw - 3.2px) * 1.247), 40px);font-style:normal;font-weight:900;line-height:1\">alk.1990\u20ac<\/p>\n<\/div>\n\n\n\n<div class=\"wp-block-column is-layout-flow wp-block-column-is-layout-flow\">\n<div class=\"wp-block-group is-nowrap is-layout-flex wp-container-core-group-is-layout-ca52a2b2 wp-block-group-is-layout-flex\" style=\"margin-bottom:10px\">\n<figure class=\"wp-block-image size-full is-resized\"><img decoding=\"async\" src=\"https:\/\/imanconsulting.fi\/wp-content\/themes\/blocksy\/inc\/components\/patterns\/assets\/pattern-check-mark.svg\" alt=\"\" class=\"wp-image-7800\" style=\"object-fit:contain;width:22px;height:22px\"\/><\/figure>\n\n\n\n<p class=\"has-black-color has-text-color has-link-color wp-elements-d309f80c794bfd08fbb1ec236a7543ef\" style=\"font-size:clamp(14px, 0.875rem + ((1vw - 3.2px) * 0.156), 16px);font-style:normal;font-weight:500\">Fasilitoitu osallistava ty\u00f6paja asiakkaan tiloissa<\/p>\n<\/div>\n\n\n\n<div class=\"wp-block-group is-nowrap is-layout-flex wp-container-core-group-is-layout-ca52a2b2 wp-block-group-is-layout-flex\" style=\"margin-bottom:10px\">\n<figure class=\"wp-block-image size-full is-resized\"><img decoding=\"async\" src=\"https:\/\/imanconsulting.fi\/wp-content\/themes\/blocksy\/inc\/components\/patterns\/assets\/pattern-check-mark.svg\" alt=\"\" class=\"wp-image-7800\" style=\"object-fit:contain;width:22px;height:22px\"\/><\/figure>\n\n\n\n<p class=\"has-black-color has-text-color has-link-color wp-elements-874252000caa1eb08db3dbb402320ca1\" style=\"font-size:clamp(14px, 0.875rem + ((1vw - 3.2px) * 0.156), 16px);font-style:normal;font-weight:500\">Ty\u00f6pajan tulosten viimeistely<\/p>\n<\/div>\n\n\n\n<div class=\"wp-block-group is-nowrap is-layout-flex wp-container-core-group-is-layout-baabe226 wp-block-group-is-layout-flex\">\n<figure class=\"wp-block-image size-full is-resized\"><img decoding=\"async\" src=\"https:\/\/imanconsulting.fi\/wp-content\/themes\/blocksy\/inc\/components\/patterns\/assets\/pattern-check-mark.svg\" alt=\"\" class=\"wp-image-7800\" style=\"object-fit:contain;width:22px;height:22px\"\/><\/figure>\n\n\n\n<p class=\"has-black-color has-text-color has-link-color wp-elements-3c47d6142151db5e98be4c91540f1aed\" style=\"font-size:clamp(14px, 0.875rem + ((1vw - 3.2px) * 0.156), 16px);font-style:normal;font-weight:500\">Valmis visualisaatio hy\u00f6dynnett\u00e4v\u00e4ksi<\/p>\n<\/div>\n<\/div>\n\n\n\n<div class=\"wp-block-column is-vertically-aligned-center is-layout-flow wp-block-column-is-layout-flow\" style=\"flex-basis:20%\">\n<div class=\"wp-block-buttons is-content-justification-center is-layout-flex wp-container-core-buttons-is-layout-30837641 wp-block-buttons-is-layout-flex\" style=\"margin-bottom:var(--wp--preset--spacing--40)\">\n<div class=\"wp-block-button has-custom-width wp-block-button__width-100\"><a class=\"wp-block-button__link has-black-color has-text-color has-background has-link-color has-custom-font-size wp-element-button\" href=\"https:\/\/imanconsulting.fi\/?page_id=213\" style=\"border-radius:8px;background-color:#0000001f;padding-top:13px;padding-right:25px;padding-bottom:13px;padding-left:25px;font-size:clamp(14px, 0.875rem + ((1vw - 3.2px) * 0.156), 16px);font-style:normal;font-weight:500\">Lue lis\u00e4\u00e4<\/a><\/div>\n<\/div>\n\n\n\n<p class=\"has-text-align-center has-text-color has-link-color wp-elements-989d625123ae109bc8608019b2343e74\" style=\"color:#000000a3;font-size:clamp(14px, 0.875rem + ((1vw - 3.2px) * 0.078), 15px);font-style:normal;font-weight:500\"><\/p>\n<\/div>\n<\/div>\n<\/div>\n<\/div>\n<\/div>\n","protected":false},"excerpt":{"rendered":"<p>Liiketoiminnan visualisointi ONGELMA Yritykset ja organisaatiot kamppailevat monimutkaisten rakenteiden, kehitt\u00e4mishankkeiden ja yhteisty\u00f6n konkretisoinnin kanssa. Usein haaste juontuu yhteisen kielen puutteesta: keskustelua k\u00e4yd\u00e4\u00e4n siiloista, ilman kokonaisn\u00e4kemyst\u00e4. RATKAISU Selke\u00e4 ja nopea visuaalinen mallinnus, joka tekee kokonaisuuden n\u00e4kyv\u00e4ksi ja k\u00e4ynnist\u00e4\u00e4 yhteisen keskustelun. Yhteinen ymm\u00e4rrys johtaa parempiin p\u00e4\u00e4t\u00f6ksiin ja tuloksellisempaan kehitt\u00e4miseen. Business on ja saa olla monimutkaista. Siit\u00e4 tehdyt [&hellip;]<\/p>\n","protected":false},"author":1,"featured_media":0,"parent":0,"menu_order":0,"comment_status":"closed","ping_status":"closed","template":"","meta":{"footnotes":""},"class_list":["post-15","page","type-page","status-publish","hentry"],"blocksy_meta":[],"_links":{"self":[{"href":"https:\/\/imanconsulting.fi\/index.php?rest_route=\/wp\/v2\/pages\/15","targetHints":{"allow":["GET"]}}],"collection":[{"href":"https:\/\/imanconsulting.fi\/index.php?rest_route=\/wp\/v2\/pages"}],"about":[{"href":"https:\/\/imanconsulting.fi\/index.php?rest_route=\/wp\/v2\/types\/page"}],"author":[{"embeddable":true,"href":"https:\/\/imanconsulting.fi\/index.php?rest_route=\/wp\/v2\/users\/1"}],"replies":[{"embeddable":true,"href":"https:\/\/imanconsulting.fi\/index.php?rest_route=%2Fwp%2Fv2%2Fcomments&post=15"}],"version-history":[{"count":33,"href":"https:\/\/imanconsulting.fi\/index.php?rest_route=\/wp\/v2\/pages\/15\/revisions"}],"predecessor-version":[{"id":366,"href":"https:\/\/imanconsulting.fi\/index.php?rest_route=\/wp\/v2\/pages\/15\/revisions\/366"}],"wp:attachment":[{"href":"https:\/\/imanconsulting.fi\/index.php?rest_route=%2Fwp%2Fv2%2Fmedia&parent=15"}],"curies":[{"name":"wp","href":"https:\/\/api.w.org\/{rel}","templated":true}]}}