{"id":10,"date":"2025-10-03T19:50:47","date_gmt":"2025-10-03T19:50:47","guid":{"rendered":"https:\/\/imanconsulting.fi\/?page_id=10"},"modified":"2026-01-09T12:35:42","modified_gmt":"2026-01-09T12:35:42","slug":"iman","status":"publish","type":"page","link":"https:\/\/imanconsulting.fi\/","title":{"rendered":"Etusivu"},"content":{"rendered":"\n<div class=\"wp-block-group alignfull has-white-background-color has-background is-layout-constrained wp-block-group-is-layout-constrained\" style=\"padding-top:7rem;padding-bottom:7rem\">\n<h1 class=\"wp-block-heading has-text-align-center has-black-color has-text-color has-link-color has-xx-large-font-size wp-elements-aef076d276dec1dd5c4bb262417c46c8\" style=\"margin-top:0;margin-bottom:20px;font-style:normal;font-weight:800;line-height:1.2\">I am going to N<\/h1>\n\n\n\n<p class=\"has-text-align-center has-black-color has-text-color has-link-color wp-elements-dfa4afdb0651aeab70aa3a0d6edfa087\" style=\"margin-bottom:var(--wp--preset--spacing--60)\">Ideoita on paljon. Tekeminen ratkaisee. T\u00e4rkeint\u00e4 on l\u00e4hte\u00e4 liikkeelle.<\/p>\n\n\n\n<div class=\"wp-block-buttons is-content-justification-center is-layout-flex wp-container-core-buttons-is-layout-2b69d536 wp-block-buttons-is-layout-flex\" style=\"margin-bottom:var(--wp--preset--spacing--80)\">\n<div class=\"wp-block-button\"><a class=\"wp-block-button__link has-white-color has-black-background-color has-text-color has-background has-link-color has-custom-font-size wp-element-button\" href=\"https:\/\/imanconsulting.fi\/?page_id=53\" style=\"border-radius:8px;padding-top:15px;padding-right:25px;padding-bottom:15px;padding-left:25px;font-size:clamp(14px, 0.875rem + ((1vw - 3.2px) * 0.313), 18px);font-style:normal;font-weight:600\">ImaN ?<\/a><\/div>\n\n\n\n<div class=\"wp-block-button is-style-outline is-style-outline--1\"><a class=\"wp-block-button__link has-black-color has-text-color has-background has-link-color has-border-color has-black-border-color has-custom-font-size wp-element-button\" href=\"https:\/\/imanconsulting.fi\/?page_id=55\" style=\"border-width:2px;border-radius:8px;background-color:#ffffff00;padding-top:13px;padding-right:25px;padding-bottom:13px;padding-left:25px;font-size:clamp(14px, 0.875rem + ((1vw - 3.2px) * 0.313), 18px);font-style:normal;font-weight:600\">Ota yhteytt\u00e4<\/a><\/div>\n<\/div>\n\n\n\n<div class=\"wp-block-columns has-black-background-color has-background is-layout-flex wp-container-core-columns-is-layout-185a2c8c wp-block-columns-is-layout-flex\" style=\"border-radius:20px;padding-top:50px;padding-right:50px;padding-bottom:50px;padding-left:50px\">\n<div class=\"wp-block-column is-layout-flow wp-block-column-is-layout-flow\">\n<p class=\"has-text-align-center has-white-color has-text-color has-link-color wp-elements-cf71ef24c2e06f7b29b63359af21dfcf\" style=\"margin-bottom:30px;font-size:clamp(24.034px, 1.502rem + ((1vw - 3.2px) * 1.247), 40px);font-style:normal;font-weight:800;line-height:1\">Business Design<\/p>\n\n\n\n<h2 class=\"wp-block-heading has-text-align-center has-white-color has-text-color has-link-color wp-elements-edc3a426d6c0c44db7389863be5c9398\" style=\"margin-top:0px;margin-bottom:10px;font-size:clamp(14px, 0.875rem + ((1vw - 3.2px) * 0.469), 20px);\">Liiketoiminnan visualisointi<\/h2>\n\n\n\n<p class=\"has-text-align-center has-text-color has-link-color wp-elements-998c255200af19c7dddea31643cc267b\" style=\"color:#ffffffba;margin-bottom:30px\">Mallinnetaan liiketoimintasi selke\u00e4ksi, yhteist\u00e4 ymm\u00e4rryst\u00e4 kasvattavaksi visualisaatioksi.<\/p>\n\n\n\n<p class=\"has-text-align-center has-white-color has-text-color has-link-color wp-elements-fba5a54ae207f64e01913deb443c1c29\"><a href=\"https:\/\/imanconsulting.fi\/?page_id=15\" data-type=\"page\" data-id=\"15\">Lue lis\u00e4\u00e4 \u2192<\/a><\/p>\n<\/div>\n\n\n\n<div class=\"wp-block-column is-layout-flow wp-block-column-is-layout-flow\">\n<p class=\"has-text-align-center has-white-color has-text-color has-link-color wp-elements-91bcb4d0f3e9ff81db62a691d3dbc883\" style=\"margin-bottom:30px;font-size:clamp(24.034px, 1.502rem + ((1vw - 3.2px) * 1.247), 40px);font-style:normal;font-weight:800;line-height:1\">AI &#8211; PoC<\/p>\n\n\n\n<h2 class=\"wp-block-heading has-text-align-center has-white-color has-text-color has-link-color wp-elements-c36f831671f5c8bfc1b36edac6a72c5d\" style=\"margin-top:0px;margin-bottom:10px;font-size:clamp(14px, 0.875rem + ((1vw - 3.2px) * 0.469), 20px);\">Ketter\u00e4t kokeilut &#8211; Proof of Concept<\/h2>\n\n\n\n<p class=\"has-text-align-center has-text-color has-link-color wp-elements-7924e27bd54eabff46cb91b80aeea9da\" style=\"color:#ffffffba;margin-bottom:30px\">Muutetaan teko\u00e4lyaiheinen ideasi nopeasti kokeiltavaksi innovaatioksi.<\/p>\n\n\n\n<p class=\"has-text-align-center has-white-color has-text-color has-link-color wp-elements-8c263f5d3c2b77094c1902ea20425f0c\"><a href=\"https:\/\/imanconsulting.fi\/?page_id=2\" data-type=\"page\" data-id=\"2\">Lue lis\u00e4\u00e4 \u2192<\/a><\/p>\n<\/div>\n\n\n\n<div class=\"wp-block-column is-layout-flow wp-block-column-is-layout-flow\">\n<p class=\"has-text-align-center has-white-color has-text-color has-link-color wp-elements-0de594688127dfb76d5553467fb36dbe\" style=\"margin-bottom:30px;font-size:clamp(24.034px, 1.502rem + ((1vw - 3.2px) * 1.247), 40px);font-style:normal;font-weight:800;line-height:1\">Asiantuntija<\/p>\n\n\n\n<h2 class=\"wp-block-heading has-text-align-center has-white-color has-text-color has-link-color wp-elements-bbbf366658e359ac270add270ff88810\" style=\"margin-top:0px;margin-bottom:10px;font-size:clamp(14px, 0.875rem + ((1vw - 3.2px) * 0.469), 20px);\">Konsultaatio ja projektity\u00f6<\/h2>\n\n\n\n<p class=\"has-text-align-center has-text-color has-link-color wp-elements-720fedd331b958e014e87b4e1d4e35a8\" style=\"color:#ffffffba;margin-bottom:30px\">Kaipaatko projektiisi mentoria joka ei ep\u00e4r\u00f6i upottaa k\u00e4si\u00e4\u00e4n saveen? Ota yhteytt\u00e4!<\/p>\n\n\n\n<p class=\"has-text-align-center has-white-color has-text-color has-link-color wp-elements-9c39d4e1af6a168d3d9bd3cfb410ea7c\"><a href=\"https:\/\/imanconsulting.fi\/?page_id=21\" data-type=\"page\" data-id=\"21\">Lue lis\u00e4\u00e4 \u2192<\/a><\/p>\n<\/div>\n<\/div>\n<\/div>\n\n\n\n<div data-id=\"84732fe0\" class=\"wp-block-blocksy-query\"><div class=\"ct-query-template-grid\"><article class=\"wp-block-post is-layout-flow post-329 post type-post status-publish format-standard has-post-thumbnail hentry category-business-design-demo\"><\/article><article class=\"wp-block-post is-layout-flow post-1 post type-post status-publish format-standard has-post-thumbnail hentry category-ai-poc\"><\/article><article class=\"wp-block-post is-layout-flow post-334 post type-post status-publish format-standard has-post-thumbnail hentry category-uncategorized\"><\/article><\/div><style>[data-id='84732fe0'] {--grid-columns-width:3;}@media (max-width: 999.98px) {[data-id='84732fe0'] {--grid-columns-width:2;}}@media (max-width: 689.98px) {[data-id='84732fe0'] {--grid-columns-width:1;}}<\/style>\n\n\n<div class=\"wp-block-query is-layout-flow wp-block-query-is-layout-flow\"><ul class=\"wp-block-post-template is-layout-flow wp-block-post-template-is-layout-flow\"><li class=\"wp-block-post post-329 post type-post status-publish format-standard has-post-thumbnail hentry category-business-design-demo\">\n<h2 class=\"wp-block-post-title\"><a href=\"https:\/\/imanconsulting.fi\/?p=329\" target=\"_self\" >Business Desing Demo: Skandinavian Design<\/a><\/h2>\n\n<figure class=\"alignwide wp-block-post-featured-image\"><a href=\"https:\/\/imanconsulting.fi\/?p=329\" target=\"_self\"  ><img loading=\"lazy\" decoding=\"async\" width=\"412\" height=\"407\" src=\"https:\/\/imanconsulting.fi\/wp-content\/uploads\/2025\/10\/skenaario_skandinavian.png\" class=\"attachment-post-thumbnail size-post-thumbnail wp-post-image\" alt=\"Business Desing Demo: Skandinavian Design\" style=\"object-fit:cover;\" srcset=\"https:\/\/imanconsulting.fi\/wp-content\/uploads\/2025\/10\/skenaario_skandinavian.png 412w, https:\/\/imanconsulting.fi\/wp-content\/uploads\/2025\/10\/skenaario_skandinavian-300x296.png 300w\" sizes=\"auto, (max-width: 412px) 100vw, 412px\" \/><\/a><\/figure>\n\n<div class=\"wp-block-post-excerpt\"><p class=\"wp-block-post-excerpt__excerpt\">T\u00e4m\u00e4 demomalli kuvaa kuvitteellisen huonekaluliikkeen, Skandinavian Designin, liiketoiminnan kokonaisuuden. Hex-mallinnus on tehty kyvykkyyskartan periaatteella: mit\u00e4 kyvykkyyksi\u00e4 kunkin osa-alueen onnistunut toteuttaminen edellytt\u00e4\u00e4. Mallissa on mukana my\u00f6s keskeiset tietoj\u00e4rjestelm\u00e4t ja roolit. <\/p><\/div>\n\n\n<hr class=\"wp-block-separator has-css-opacity\"\/>\n\n\n<div class=\"wp-block-post-date\"><time datetime=\"2025-10-03T15:01:20+00:00\">3 lokakuun, 2025<\/time><\/div>\n<\/li><li class=\"wp-block-post post-1 post type-post status-publish format-standard has-post-thumbnail hentry category-ai-poc\">\n<h2 class=\"wp-block-post-title\"><a href=\"https:\/\/imanconsulting.fi\/?p=1\" target=\"_self\" >AI &#8211; PoC: Koulukummitus \ud83d\udc7b<\/a><\/h2>\n\n<figure class=\"alignwide wp-block-post-featured-image\"><a href=\"https:\/\/imanconsulting.fi\/?p=1\" target=\"_self\"  ><img loading=\"lazy\" decoding=\"async\" width=\"476\" height=\"417\" src=\"https:\/\/imanconsulting.fi\/wp-content\/uploads\/2025\/10\/kummitus-7.jpg\" class=\"attachment-post-thumbnail size-post-thumbnail wp-post-image\" alt=\"AI &#8211; PoC: Koulukummitus \ud83d\udc7b\" style=\"object-fit:cover;\" srcset=\"https:\/\/imanconsulting.fi\/wp-content\/uploads\/2025\/10\/kummitus-7.jpg 476w, https:\/\/imanconsulting.fi\/wp-content\/uploads\/2025\/10\/kummitus-7-300x263.jpg 300w\" sizes=\"auto, (max-width: 476px) 100vw, 476px\" \/><\/a><\/figure>\n\n<div class=\"wp-block-post-excerpt\"><p class=\"wp-block-post-excerpt__excerpt\">Koulukummitus on kevyt, selaimessa toimiva peli, jossa \u201ckummitus\u201d kyselee ja kannustaa lasta arvaamaan sanoja tai ratkaisemaan pieni\u00e4 teht\u00e4vi\u00e4. Se on pieni mutta napakka AI-Proof-of-Concept (AI-PoC): demonstroi, miten generatiivinen teko\u00e4ly voidaan valjastaa turvallisesti, ohjatusti ja innostavasti oppimiskokemuksiin \u2013 muutamalla sprintill\u00e4 protosta k\u00e4ytett\u00e4v\u00e4\u00e4n demo\u00adon. <\/p><\/div>\n\n\n<hr class=\"wp-block-separator has-css-opacity\"\/>\n\n\n<div class=\"wp-block-post-date\"><time datetime=\"2025-10-01T14:41:48+00:00\">1 lokakuun, 2025<\/time><\/div>\n<\/li><li class=\"wp-block-post post-334 post type-post status-publish format-standard has-post-thumbnail hentry category-uncategorized\">\n<h2 class=\"wp-block-post-title\"><a href=\"https:\/\/imanconsulting.fi\/?p=334\" target=\"_self\" >Business Desing Demo: Marine Craft<\/a><\/h2>\n\n<figure class=\"alignwide wp-block-post-featured-image\"><a href=\"https:\/\/imanconsulting.fi\/?p=334\" target=\"_self\"  ><img loading=\"lazy\" decoding=\"async\" width=\"514\" height=\"509\" src=\"https:\/\/imanconsulting.fi\/wp-content\/uploads\/2025\/10\/skenaario_marinecraft.png\" class=\"attachment-post-thumbnail size-post-thumbnail wp-post-image\" alt=\"Business Desing Demo: Marine Craft\" style=\"object-fit:cover;\" srcset=\"https:\/\/imanconsulting.fi\/wp-content\/uploads\/2025\/10\/skenaario_marinecraft.png 514w, https:\/\/imanconsulting.fi\/wp-content\/uploads\/2025\/10\/skenaario_marinecraft-300x297.png 300w, https:\/\/imanconsulting.fi\/wp-content\/uploads\/2025\/10\/skenaario_marinecraft-150x150.png 150w\" sizes=\"auto, (max-width: 514px) 100vw, 514px\" \/><\/a><\/figure>\n\n<div class=\"wp-block-post-excerpt\"><p class=\"wp-block-post-excerpt__excerpt\">T\u00e4m\u00e4 demomalli kuvaa kuvitteellisen tilauksesta valmistettavien veneiden valmistukseen, Marine Craftin, liiketoiminnan kokonaisuuden. Hex-mallinnus on tehty kyvykkyyskartan periaatteella: mit\u00e4 kyvykkyyksi\u00e4 kunkin osa-alueen onnistunut toteuttaminen edellytt\u00e4\u00e4. <\/p><\/div>\n\n\n<hr class=\"wp-block-separator has-css-opacity\"\/>\n\n\n<div class=\"wp-block-post-date\"><time datetime=\"2025-09-25T15:08:03+00:00\">25 syyskuun, 2025<\/time><\/div>\n<\/li><\/ul><\/div>\n<\/div>\n","protected":false},"excerpt":{"rendered":"<p>I am going to N Ideoita on paljon. Tekeminen ratkaisee. T\u00e4rkeint\u00e4 on l\u00e4hte\u00e4 liikkeelle. Business Design Liiketoiminnan visualisointi Mallinnetaan liiketoimintasi selke\u00e4ksi, yhteist\u00e4 ymm\u00e4rryst\u00e4 kasvattavaksi visualisaatioksi. Lue lis\u00e4\u00e4 \u2192 AI &#8211; PoC Ketter\u00e4t kokeilut &#8211; Proof of Concept Muutetaan teko\u00e4lyaiheinen ideasi nopeasti kokeiltavaksi innovaatioksi. Lue lis\u00e4\u00e4 \u2192 Asiantuntija Konsultaatio ja projektity\u00f6 Kaipaatko projektiisi mentoria joka ei [&hellip;]<\/p>\n","protected":false},"author":1,"featured_media":0,"parent":0,"menu_order":0,"comment_status":"closed","ping_status":"closed","template":"","meta":{"footnotes":""},"class_list":["post-10","page","type-page","status-publish","hentry"],"blocksy_meta":{"disable_header":"no","has_hero_section":"disabled","hero_elements":[{"id":"custom_title","enabled":true,"heading_tag":"h1","title":"Home","__id":"3Zd5eJV9YzMfRsdlxWNl5"},{"id":"custom_description","enabled":true,"description_visibility":{"desktop":true,"tablet":true,"mobile":false},"__id":"qnFT_DlSgXCPJQWyB-n9l"},{"id":"custom_meta","enabled":false,"meta_elements":[{"id":"author","enabled":true,"label":"By","has_author_avatar":"yes","avatar_size":25},{"id":"post_date","enabled":true,"label":"On","date_format_source":"default","date_format":"M j, Y"},{"id":"updated_date","enabled":false,"label":"On","date_format_source":"default","date_format":"M j, Y"},{"id":"categories","enabled":false,"label":"In","style":"simple"},{"id":"comments","enabled":true}],"page_meta_elements":{"joined":true,"articles_count":true,"comments":true},"__id":"XbGaKFm0jeVI9PaXYurZS"},{"id":"breadcrumbs","enabled":false,"__id":"3i9o0STRheVWtwpdzp3EV"}],"hero_section":"type-1","styles_descriptor":{"styles":{"desktop":"[data-prefix=\"single_page\"] [class*=\"ct-container\"] > article[class*=\"post\"] {--has-boxed:var(--false);--has-wide:var(--true);}","tablet":"","mobile":""},"google_fonts":[],"version":6},"disable_share_box":"yes","disable_featured_image":"no","vertical_spacing_source":"custom","content_area_spacing":"both","content_style_source":"custom","content_style":"wide","hero_margin":"0px"},"_links":{"self":[{"href":"https:\/\/imanconsulting.fi\/index.php?rest_route=\/wp\/v2\/pages\/10","targetHints":{"allow":["GET"]}}],"collection":[{"href":"https:\/\/imanconsulting.fi\/index.php?rest_route=\/wp\/v2\/pages"}],"about":[{"href":"https:\/\/imanconsulting.fi\/index.php?rest_route=\/wp\/v2\/types\/page"}],"author":[{"embeddable":true,"href":"https:\/\/imanconsulting.fi\/index.php?rest_route=\/wp\/v2\/users\/1"}],"replies":[{"embeddable":true,"href":"https:\/\/imanconsulting.fi\/index.php?rest_route=%2Fwp%2Fv2%2Fcomments&post=10"}],"version-history":[{"count":19,"href":"https:\/\/imanconsulting.fi\/index.php?rest_route=\/wp\/v2\/pages\/10\/revisions"}],"predecessor-version":[{"id":357,"href":"https:\/\/imanconsulting.fi\/index.php?rest_route=\/wp\/v2\/pages\/10\/revisions\/357"}],"wp:attachment":[{"href":"https:\/\/imanconsulting.fi\/index.php?rest_route=%2Fwp%2Fv2%2Fmedia&parent=10"}],"curies":[{"name":"wp","href":"https:\/\/api.w.org\/{rel}","templated":true}]}}